{"id":463,"date":"2024-04-24T08:36:53","date_gmt":"2024-04-24T08:36:53","guid":{"rendered":"https:\/\/futuresfinder.com\/?page_id=463"},"modified":"2025-05-15T23:35:54","modified_gmt":"2025-05-15T23:35:54","slug":"why-cbas","status":"publish","type":"page","link":"https:\/\/french.cbaspk.com\/index.php\/why-cbas\/","title":{"rendered":"Why CBAS"},"content":{"rendered":"\t\t<div data-elementor-type=\"wp-page\" data-elementor-id=\"463\" class=\"elementor elementor-463\" data-elementor-post-type=\"page\">\n\t\t\t\t<div class=\"elementor-element elementor-element-4549a63 e-con-full e-flex e-con e-parent\" data-id=\"4549a63\" data-element_type=\"container\" data-settings=\"{&quot;background_background&quot;:&quot;classic&quot;}\">\n\t\t\t\t<\/div>\n\t\t<div class=\"elementor-element elementor-element-82afbe0 e-flex e-con-boxed e-con e-parent\" data-id=\"82afbe0\" data-element_type=\"container\">\n\t\t\t\t\t<div class=\"e-con-inner\">\n\t\t<div class=\"elementor-element elementor-element-4b6c109 e-flex e-con-boxed e-con e-child\" data-id=\"4b6c109\" data-element_type=\"container\" data-settings=\"{&quot;background_background&quot;:&quot;classic&quot;}\">\n\t\t\t\t\t<div class=\"e-con-inner\">\n\t\t\t\t<div class=\"elementor-element elementor-element-71859f7 animated-slow elementor-invisible elementor-widget elementor-widget-elementskit-heading\" data-id=\"71859f7\" data-element_type=\"widget\" data-settings=\"{&quot;_animation&quot;:&quot;fadeInLeft&quot;}\" data-widget_type=\"elementskit-heading.default\">\n\t\t\t\t<div class=\"elementor-widget-container\">\n\t\t\t\t\t<div class=\"ekit-wid-con\" ><div class=\"ekit-heading elementskit-section-title-wraper text_left   ekit_heading_tablet-   ekit_heading_mobile-\"><h2 class=\"ekit-heading--title elementskit-section-title \">Expertise Comptable<\/h2><div class=\"ekit_heading_separetor_wraper ekit_heading_elementskit-border-divider ekit-dotted\"><div class=\"elementskit-border-divider ekit-dotted\"><\/div><\/div>\t\t\t\t<div class='ekit-heading__description'>\n\t\t\t\t\t<p><span style=\"font-weight: 400\">Notre \u00e9quipe, jeune mais tr\u00e8s engag\u00e9e et s\u00e9rieuse, apporte une exp\u00e9rience pr\u00e9cieuse en comptabilit\u00e9, acquise par la pratique. Gr\u00e2ce \u00e0 notre pr\u00e9sence physique en Belgique, nous offrons des discussions en face-\u00e0-face, faisant de nous bien plus que des prestataires de services, mais un partenaire engag\u00e9.<\/span><\/p>\n\t\t\t\t<\/div>\n\t\t\t<\/div><\/div>\t\t\t\t<\/div>\n\t\t\t\t<\/div>\n\t\t\t\t\t<\/div>\n\t\t\t\t<\/div>\n\t\t<div class=\"elementor-element elementor-element-0024dc7 e-con-full e-flex e-con e-child\" data-id=\"0024dc7\" data-element_type=\"container\">\n\t\t\t\t<div class=\"elementor-element elementor-element-1d7d8ed elementor-widget elementor-widget-image\" data-id=\"1d7d8ed\" data-element_type=\"widget\" data-widget_type=\"image.default\">\n\t\t\t\t<div class=\"elementor-widget-container\">\n\t\t\t\t\t\t\t\t\t\t\t\t\t\t\t<img fetchpriority=\"high\" decoding=\"async\" width=\"768\" height=\"768\" src=\"https:\/\/french.cbaspk.com\/wp-content\/uploads\/2025\/05\/Handshake-768x768.png\" class=\"attachment-medium_large size-medium_large wp-image-2676\" alt=\"\" srcset=\"https:\/\/french.cbaspk.com\/wp-content\/uploads\/2025\/05\/Handshake-768x768.png 768w, https:\/\/french.cbaspk.com\/wp-content\/uploads\/2025\/05\/Handshake-300x300.png 300w, https:\/\/french.cbaspk.com\/wp-content\/uploads\/2025\/05\/Handshake-150x150.png 150w, https:\/\/french.cbaspk.com\/wp-content\/uploads\/2025\/05\/Handshake-700x700.png 700w, https:\/\/french.cbaspk.com\/wp-content\/uploads\/2025\/05\/Handshake-650x650.png 650w, https:\/\/french.cbaspk.com\/wp-content\/uploads\/2025\/05\/Handshake.png 1024w\" sizes=\"(max-width: 768px) 100vw, 768px\" \/>\t\t\t\t\t\t\t\t\t\t\t\t\t\t\t<\/div>\n\t\t\t\t<\/div>\n\t\t\t\t<\/div>\n\t\t\t\t\t<\/div>\n\t\t\t\t<\/div>\n\t\t<div class=\"elementor-element elementor-element-f7f3431 e-flex e-con-boxed e-con e-parent\" data-id=\"f7f3431\" data-element_type=\"container\">\n\t\t\t\t\t<div class=\"e-con-inner\">\n\t\t<div class=\"elementor-element elementor-element-24ca81c e-con-full e-flex e-con e-child\" data-id=\"24ca81c\" data-element_type=\"container\">\n\t\t\t\t<div class=\"elementor-element elementor-element-72dee34 elementor-widget elementor-widget-image\" data-id=\"72dee34\" data-element_type=\"widget\" data-widget_type=\"image.default\">\n\t\t\t\t<div class=\"elementor-widget-container\">\n\t\t\t\t\t\t\t\t\t\t\t\t\t\t\t<img decoding=\"async\" width=\"768\" height=\"512\" src=\"https:\/\/french.cbaspk.com\/wp-content\/uploads\/2024\/06\/WhatsApp-Image-2024-06-22-at-17.12.11_8f8b9eae-768x512.jpg\" class=\"attachment-medium_large size-medium_large wp-image-1310\" alt=\"\" srcset=\"https:\/\/french.cbaspk.com\/wp-content\/uploads\/2024\/06\/WhatsApp-Image-2024-06-22-at-17.12.11_8f8b9eae-768x512.jpg 768w, https:\/\/french.cbaspk.com\/wp-content\/uploads\/2024\/06\/WhatsApp-Image-2024-06-22-at-17.12.11_8f8b9eae-300x200.jpg 300w, https:\/\/french.cbaspk.com\/wp-content\/uploads\/2024\/06\/WhatsApp-Image-2024-06-22-at-17.12.11_8f8b9eae-1024x683.jpg 1024w, https:\/\/french.cbaspk.com\/wp-content\/uploads\/2024\/06\/WhatsApp-Image-2024-06-22-at-17.12.11_8f8b9eae.jpg 1280w\" sizes=\"(max-width: 768px) 100vw, 768px\" \/>\t\t\t\t\t\t\t\t\t\t\t\t\t\t\t<\/div>\n\t\t\t\t<\/div>\n\t\t\t\t<\/div>\n\t\t<div class=\"elementor-element elementor-element-4227ca2 e-con-full e-flex e-con e-child\" data-id=\"4227ca2\" data-element_type=\"container\" data-settings=\"{&quot;background_background&quot;:&quot;classic&quot;}\">\n\t\t\t\t<div class=\"elementor-element elementor-element-3f08c21 animated-slow elementor-widget__width-initial elementor-invisible elementor-widget elementor-widget-elementskit-heading\" data-id=\"3f08c21\" data-element_type=\"widget\" data-settings=\"{&quot;_animation&quot;:&quot;fadeInRight&quot;}\" data-widget_type=\"elementskit-heading.default\">\n\t\t\t\t<div class=\"elementor-widget-container\">\n\t\t\t\t\t<div class=\"ekit-wid-con\" ><div class=\"ekit-heading elementskit-section-title-wraper text_left   ekit_heading_tablet-   ekit_heading_mobile-\"><h2 class=\"ekit-heading--title elementskit-section-title \">Un bilan et compte de r\u00e9sultat \u00e0 jour.<\/h2><div class=\"ekit_heading_separetor_wraper ekit_heading_elementskit-border-divider ekit-dotted\"><div class=\"elementskit-border-divider ekit-dotted\"><\/div><\/div>\t\t\t\t<div class='ekit-heading__description'>\n\t\t\t\t\t<p>Dans un environnement \u00e9conomique en constante \u00e9volution, disposer de donn\u00e9es financi\u00e8res actualis\u00e9es est essentiel.<br \/>En travaillant avec nous, vous avez la flexibilit\u00e9 de d\u00e9finir les d\u00e9lais de traitement pour chaque dossier client selon vos pr\u00e9f\u00e9rences, garantissant ainsi des mises \u00e0 jour financi\u00e8res toujours dans les temps.<\/p>\n\t\t\t\t<\/div>\n\t\t\t<\/div><\/div>\t\t\t\t<\/div>\n\t\t\t\t<\/div>\n\t\t\t\t<\/div>\n\t\t\t\t\t<\/div>\n\t\t\t\t<\/div>\n\t\t<div class=\"elementor-element elementor-element-84fc1a3 e-flex e-con-boxed e-con e-parent\" data-id=\"84fc1a3\" data-element_type=\"container\">\n\t\t\t\t\t<div class=\"e-con-inner\">\n\t\t<div class=\"elementor-element elementor-element-fdf6d5b e-flex e-con-boxed e-con e-child\" data-id=\"fdf6d5b\" data-element_type=\"container\" data-settings=\"{&quot;background_background&quot;:&quot;classic&quot;,&quot;animation&quot;:&quot;none&quot;}\">\n\t\t\t\t\t<div class=\"e-con-inner\">\n\t\t\t\t<div class=\"elementor-element elementor-element-6870ac2 animated-slow elementor-invisible elementor-widget elementor-widget-elementskit-heading\" data-id=\"6870ac2\" data-element_type=\"widget\" data-settings=\"{&quot;_animation&quot;:&quot;fadeInLeft&quot;}\" data-widget_type=\"elementskit-heading.default\">\n\t\t\t\t<div class=\"elementor-widget-container\">\n\t\t\t\t\t<div class=\"ekit-wid-con\" ><div class=\"ekit-heading elementskit-section-title-wraper text_left   ekit_heading_tablet-   ekit_heading_mobile-\"><h2 class=\"ekit-heading--title elementskit-section-title \">Des solutions adapt\u00e9es \u00e0 vos besoins<\/h2><div class=\"ekit_heading_separetor_wraper ekit_heading_elementskit-border-divider ekit-dotted\"><div class=\"elementskit-border-divider ekit-dotted\"><\/div><\/div>\t\t\t\t<div class='ekit-heading__description'>\n\t\t\t\t\t<p>Parce que chaque cabinet, chaque entreprise est unique, nous d\u00e9veloppons des solutions sur mesure pour r\u00e9pondre \u00e0 vos attentes.<\/p>\n<p>L\u2019objectif : vous offrir des solutions pratiques et adapt\u00e9es.<\/p>\n\t\t\t\t<\/div>\n\t\t\t<\/div><\/div>\t\t\t\t<\/div>\n\t\t\t\t<\/div>\n\t\t\t\t\t<\/div>\n\t\t\t\t<\/div>\n\t\t<div class=\"elementor-element elementor-element-710003c e-con-full e-flex e-con e-child\" data-id=\"710003c\" data-element_type=\"container\">\n\t\t\t\t<div class=\"elementor-element elementor-element-b43cdf5 elementor-widget elementor-widget-image\" data-id=\"b43cdf5\" data-element_type=\"widget\" data-widget_type=\"image.default\">\n\t\t\t\t<div class=\"elementor-widget-container\">\n\t\t\t\t\t\t\t\t\t\t\t\t\t\t\t<img decoding=\"async\" width=\"768\" height=\"512\" src=\"https:\/\/french.cbaspk.com\/wp-content\/uploads\/2024\/06\/WhatsApp-Image-2024-06-22-at-17.12.09_01e1cf80-768x512.jpg\" class=\"attachment-medium_large size-medium_large wp-image-1304\" alt=\"\" srcset=\"https:\/\/french.cbaspk.com\/wp-content\/uploads\/2024\/06\/WhatsApp-Image-2024-06-22-at-17.12.09_01e1cf80-768x512.jpg 768w, https:\/\/french.cbaspk.com\/wp-content\/uploads\/2024\/06\/WhatsApp-Image-2024-06-22-at-17.12.09_01e1cf80-300x200.jpg 300w, https:\/\/french.cbaspk.com\/wp-content\/uploads\/2024\/06\/WhatsApp-Image-2024-06-22-at-17.12.09_01e1cf80-1024x683.jpg 1024w, https:\/\/french.cbaspk.com\/wp-content\/uploads\/2024\/06\/WhatsApp-Image-2024-06-22-at-17.12.09_01e1cf80.jpg 1280w\" sizes=\"(max-width: 768px) 100vw, 768px\" \/>\t\t\t\t\t\t\t\t\t\t\t\t\t\t\t<\/div>\n\t\t\t\t<\/div>\n\t\t\t\t<\/div>\n\t\t\t\t\t<\/div>\n\t\t\t\t<\/div>\n\t\t<div class=\"elementor-element elementor-element-40f7f78 e-flex e-con-boxed e-con e-parent\" data-id=\"40f7f78\" data-element_type=\"container\">\n\t\t\t\t\t<div class=\"e-con-inner\">\n\t\t<div class=\"elementor-element elementor-element-54298a0 e-con-full e-flex e-con e-child\" data-id=\"54298a0\" data-element_type=\"container\">\n\t\t\t\t<div class=\"elementor-element elementor-element-11e56e0 elementor-widget elementor-widget-image\" data-id=\"11e56e0\" data-element_type=\"widget\" data-widget_type=\"image.default\">\n\t\t\t\t<div class=\"elementor-widget-container\">\n\t\t\t\t\t\t\t\t\t\t\t\t\t\t\t<img loading=\"lazy\" decoding=\"async\" width=\"768\" height=\"512\" src=\"https:\/\/french.cbaspk.com\/wp-content\/uploads\/2025\/05\/Young-mind-start-up-sprit-768x512.png\" class=\"attachment-medium_large size-medium_large wp-image-2700\" alt=\"\" srcset=\"https:\/\/french.cbaspk.com\/wp-content\/uploads\/2025\/05\/Young-mind-start-up-sprit-768x512.png 768w, https:\/\/french.cbaspk.com\/wp-content\/uploads\/2025\/05\/Young-mind-start-up-sprit-300x200.png 300w, https:\/\/french.cbaspk.com\/wp-content\/uploads\/2025\/05\/Young-mind-start-up-sprit-1024x683.png 1024w, https:\/\/french.cbaspk.com\/wp-content\/uploads\/2025\/05\/Young-mind-start-up-sprit.png 1536w\" sizes=\"(max-width: 768px) 100vw, 768px\" \/>\t\t\t\t\t\t\t\t\t\t\t\t\t\t\t<\/div>\n\t\t\t\t<\/div>\n\t\t\t\t<\/div>\n\t\t<div class=\"elementor-element elementor-element-4df6d21 e-con-full e-flex e-con e-child\" data-id=\"4df6d21\" data-element_type=\"container\" data-settings=\"{&quot;background_background&quot;:&quot;classic&quot;,&quot;animation&quot;:&quot;none&quot;}\">\n\t\t\t\t<div class=\"elementor-element elementor-element-e841456 animated-slow elementor-invisible elementor-widget elementor-widget-elementskit-heading\" data-id=\"e841456\" data-element_type=\"widget\" data-settings=\"{&quot;_animation&quot;:&quot;fadeInRight&quot;}\" data-widget_type=\"elementskit-heading.default\">\n\t\t\t\t<div class=\"elementor-widget-container\">\n\t\t\t\t\t<div class=\"ekit-wid-con\" ><div class=\"ekit-heading elementskit-section-title-wraper text_left   ekit_heading_tablet-   ekit_heading_mobile-\"><h2 class=\"ekit-heading--title elementskit-section-title \">\u00c9quipe jeune, Esprit Start-up et Partenaire Local<\/h2><div class=\"ekit_heading_separetor_wraper ekit_heading_elementskit-border-divider ekit-dotted\"><div class=\"elementskit-border-divider ekit-dotted\"><\/div><\/div>\t\t\t\t<div class='ekit-heading__description'>\n\t\t\t\t\t<p>Nous sommes une entreprise dynamique port\u00e9e par une \u00e9quipe engag\u00e9e et comp\u00e9tente.<br \/>Implant\u00e9s en Belgique, nous nous positionnons comme des partenaires fiables, proposant des solutions sur mesure pour r\u00e9pondre aux d\u00e9fis quotidiens des professionnels de la comptabilit\u00e9 et de la finance.<\/p>\n\t\t\t\t<\/div>\n\t\t\t<\/div><\/div>\t\t\t\t<\/div>\n\t\t\t\t<\/div>\n\t\t\t\t<\/div>\n\t\t\t\t\t<\/div>\n\t\t\t\t<\/div>\n\t\t<div class=\"elementor-element elementor-element-de4f26c animated-slow e-flex e-con-boxed elementor-invisible e-con e-parent\" data-id=\"de4f26c\" data-element_type=\"container\" data-settings=\"{&quot;animation&quot;:&quot;zoomIn&quot;}\">\n\t\t\t\t\t<div class=\"e-con-inner\">\n\t\t\t\t<div class=\"elementor-element elementor-element-158ddc1 elementor-widget elementor-widget-qi_addons_for_elementor_highlight\" data-id=\"158ddc1\" data-element_type=\"widget\" data-widget_type=\"qi_addons_for_elementor_highlight.default\">\n\t\t\t\t<div class=\"elementor-widget-container\">\n\t\t\t\t\t<h4 class=\"qodef-shortcode qodef-m qodef-qi-highlight qodef-qi--has-appear qodef-highlight-style--color\" >\n\tLet's Build Your Custom Solution Together  <span class=\"qodef-highlight-text\" style=\"background-image: linear-gradient(to bottom, transparent 0%, #167D89 0%, #167D89 100%, transparent 100%)\"><a href=\"https:\/\/french.cbaspk.com\/index.php\/contact-cbas\/\" style=\"color:white\">Connect us Today<\/a><\/h4>\n\t\t\t\t<\/div>\n\t\t\t\t<\/div>\n\t\t\t\t<div class=\"elementor-element elementor-element-706f197 elementor-widget elementor-widget-text-editor\" data-id=\"706f197\" data-element_type=\"widget\" data-widget_type=\"text-editor.default\">\n\t\t\t\t<div class=\"elementor-widget-container\">\n\t\t\t\t\t\t\t\t\t<p>We&#8217;re here to answer your questions.<\/p>\t\t\t\t\t\t\t\t<\/div>\n\t\t\t\t<\/div>\n\t\t\t\t\t<\/div>\n\t\t\t\t<\/div>\n\t\t\t\t<\/div>\n\t\t","protected":false},"excerpt":{"rendered":"<p>Expertise Comptable Notre \u00e9quipe, jeune mais tr\u00e8s engag\u00e9e et s\u00e9rieuse, apporte une exp\u00e9rience pr\u00e9cieuse en comptabilit\u00e9, acquise par la pratique. [&hellip;]<\/p>\n","protected":false},"author":1,"featured_media":0,"parent":0,"menu_order":0,"comment_status":"closed","ping_status":"closed","template":"","meta":{"site-sidebar-layout":"no-sidebar","site-content-layout":"","ast-site-content-layout":"full-width-container","site-content-style":"default","site-sidebar-style":"default","ast-global-header-display":"","ast-banner-title-visibility":"","ast-main-header-display":"","ast-hfb-above-header-display":"","ast-hfb-below-header-display":"","ast-hfb-mobile-header-display":"","site-post-title":"disabled","ast-breadcrumbs-content":"","ast-featured-img":"disabled","footer-sml-layout":"","theme-transparent-header-meta":"","adv-header-id-meta":"","stick-header-meta":"","header-above-stick-meta":"","header-main-stick-meta":"","header-below-stick-meta":"","astra-migrate-meta-layouts":"default","ast-page-background-enabled":"default","ast-page-background-meta":{"desktop":{"background-color":"var(--ast-global-color-4)","background-image":"","background-repeat":"repeat","background-position":"center center","background-size":"auto","background-attachment":"scroll","background-type":"","background-media":"","overlay-type":"","overlay-color":"","overlay-opacity":"","overlay-gradient":""},"tablet":{"background-color":"","background-image":"","background-repeat":"repeat","background-position":"center center","background-size":"auto","background-attachment":"scroll","background-type":"","background-media":"","overlay-type":"","overlay-color":"","overlay-opacity":"","overlay-gradient":""},"mobile":{"background-color":"","background-image":"","background-repeat":"repeat","background-position":"center center","background-size":"auto","background-attachment":"scroll","background-type":"","background-media":"","overlay-type":"","overlay-color":"","overlay-opacity":"","overlay-gradient":""}},"ast-content-background-meta":{"desktop":{"background-color":"var(--ast-global-color-5)","background-image":"","background-repeat":"repeat","background-position":"center center","background-size":"auto","background-attachment":"scroll","background-type":"","background-media":"","overlay-type":"","overlay-color":"","overlay-opacity":"","overlay-gradient":""},"tablet":{"background-color":"var(--ast-global-color-5)","background-image":"","background-repeat":"repeat","background-position":"center center","background-size":"auto","background-attachment":"scroll","background-type":"","background-media":"","overlay-type":"","overlay-color":"","overlay-opacity":"","overlay-gradient":""},"mobile":{"background-color":"var(--ast-global-color-5)","background-image":"","background-repeat":"repeat","background-position":"center center","background-size":"auto","background-attachment":"scroll","background-type":"","background-media":"","overlay-type":"","overlay-color":"","overlay-opacity":"","overlay-gradient":""}},"_themeisle_gutenberg_block_has_review":false,"footnotes":""},"class_list":["post-463","page","type-page","status-publish","hentry"],"_links":{"self":[{"href":"https:\/\/french.cbaspk.com\/index.php\/wp-json\/wp\/v2\/pages\/463","targetHints":{"allow":["GET"]}}],"collection":[{"href":"https:\/\/french.cbaspk.com\/index.php\/wp-json\/wp\/v2\/pages"}],"about":[{"href":"https:\/\/french.cbaspk.com\/index.php\/wp-json\/wp\/v2\/types\/page"}],"author":[{"embeddable":true,"href":"https:\/\/french.cbaspk.com\/index.php\/wp-json\/wp\/v2\/users\/1"}],"replies":[{"embeddable":true,"href":"https:\/\/french.cbaspk.com\/index.php\/wp-json\/wp\/v2\/comments?post=463"}],"version-history":[{"count":142,"href":"https:\/\/french.cbaspk.com\/index.php\/wp-json\/wp\/v2\/pages\/463\/revisions"}],"predecessor-version":[{"id":2703,"href":"https:\/\/french.cbaspk.com\/index.php\/wp-json\/wp\/v2\/pages\/463\/revisions\/2703"}],"wp:attachment":[{"href":"https:\/\/french.cbaspk.com\/index.php\/wp-json\/wp\/v2\/media?parent=463"}],"curies":[{"name":"wp","href":"https:\/\/api.w.org\/{rel}","templated":true}]}}