{"id":465,"date":"2024-04-24T08:37:27","date_gmt":"2024-04-24T08:37:27","guid":{"rendered":"https:\/\/futuresfinder.com\/?page_id=465"},"modified":"2025-05-15T22:56:27","modified_gmt":"2025-05-15T22:56:27","slug":"why-bookkeeping-services","status":"publish","type":"page","link":"https:\/\/french.cbaspk.com\/index.php\/why-bookkeeping-services\/","title":{"rendered":"Why Bookkeeping Services"},"content":{"rendered":"\t\t<div data-elementor-type=\"wp-page\" data-elementor-id=\"465\" class=\"elementor elementor-465\" data-elementor-post-type=\"page\">\n\t\t\t\t<div class=\"elementor-element elementor-element-d3ff336 e-con-full e-flex e-con e-parent\" data-id=\"d3ff336\" data-element_type=\"container\" data-settings=\"{&quot;background_background&quot;:&quot;classic&quot;}\">\n\t\t\t\t<\/div>\n\t\t<div class=\"elementor-element elementor-element-4e3c1b1 e-flex e-con-boxed e-con e-parent\" data-id=\"4e3c1b1\" data-element_type=\"container\">\n\t\t\t\t\t<div class=\"e-con-inner\">\n\t\t\t\t<div class=\"elementor-element elementor-element-0251fc3 elementor-widget elementor-widget-eael-fancy-text\" data-id=\"0251fc3\" data-element_type=\"widget\" data-widget_type=\"eael-fancy-text.default\">\n\t\t\t\t<div class=\"elementor-widget-container\">\n\t\t\t\t\t\n\t<div  class=\"eael-fancy-text-container style-1\" data-fancy-text-id=\"0251fc3\" data-fancy-text=\"|Clart\u00e9 financi\u00e8re constante|R\u00e9duction des co\u00fbts|Gain de temps\" data-fancy-text-transition-type=\"typing\" data-fancy-text-speed=\"50\" data-fancy-text-delay=\"2500\" data-fancy-text-cursor=\"yes\" data-fancy-text-loop=\"yes\" data-fancy-text-action=\"page_load\" >\n\t\t\n\t\t\n\t\t\t\t\t<span id=\"eael-fancy-text-0251fc3\" class=\"eael-fancy-text-strings solid-color\">\n\t\t\t\t<noscript>\n\t\t\t\t\tClart\u00e9 financi\u00e8re constante, R\u00e9duction des co\u00fbts, Gain de temps\t\t\t\t<\/noscript>\n\t\t\t<\/span>\n\t\t\n\t\t\t\t\t<span class=\"eael-fancy-text-suffix\">  <\/span>\n\t\t\t<\/div><!-- close .eael-fancy-text-container -->\n\n\t<div class=\"clearfix\"><\/div>\n\n\t\t\t\t\t<\/div>\n\t\t\t\t<\/div>\n\t\t\t\t\t<\/div>\n\t\t\t\t<\/div>\n\t\t<div class=\"elementor-element elementor-element-a5e2d53 e-flex e-con-boxed e-con e-parent\" data-id=\"a5e2d53\" data-element_type=\"container\">\n\t\t\t\t\t<div class=\"e-con-inner\">\n\t\t\t\t<div class=\"elementor-element elementor-element-2cc1830 elementor-widget elementor-widget-heading\" data-id=\"2cc1830\" data-element_type=\"widget\" data-widget_type=\"heading.default\">\n\t\t\t\t<div class=\"elementor-widget-container\">\n\t\t\t\t\t<h4 class=\"elementor-heading-title elementor-size-default\">Des dossiers toujours \u00e0 jour.                                                       <br>Pour des d\u00e9cisions \u00e9clair\u00e9es, en tout  temps.\nExternalisez : gagnez du temps, r\u00e9duisez les co\u00fbts, et concentrez-vous sur le conseil l\u2019accompagnement client et la croissance de votre fiduciaire.\n\n<\/h4>\t\t\t\t<\/div>\n\t\t\t\t<\/div>\n\t\t\t\t\t<\/div>\n\t\t\t\t<\/div>\n\t\t<div class=\"elementor-element elementor-element-3a1c690 e-flex e-con-boxed e-con e-parent\" data-id=\"3a1c690\" data-element_type=\"container\">\n\t\t\t\t\t<div class=\"e-con-inner\">\n\t\t<div class=\"elementor-element elementor-element-b5dbfc4 e-flex e-con-boxed e-con e-child\" data-id=\"b5dbfc4\" data-element_type=\"container\" data-settings=\"{&quot;background_background&quot;:&quot;classic&quot;,&quot;animation&quot;:&quot;none&quot;}\">\n\t\t\t\t\t<div class=\"e-con-inner\">\n\t\t\t\t<div class=\"elementor-element elementor-element-6560d7f animated-slow elementor-invisible elementor-widget elementor-widget-elementskit-heading\" data-id=\"6560d7f\" data-element_type=\"widget\" data-settings=\"{&quot;_animation&quot;:&quot;fadeInLeft&quot;}\" data-widget_type=\"elementskit-heading.default\">\n\t\t\t\t<div class=\"elementor-widget-container\">\n\t\t\t\t\t<div class=\"ekit-wid-con\" ><div class=\"ekit-heading elementskit-section-title-wraper text_left   ekit_heading_tablet-   ekit_heading_mobile-\"><h2 class=\"ekit-heading--title elementskit-section-title \">Plus besoin de vous soucier du recrutement et de la formation.<\/h2><div class=\"ekit_heading_separetor_wraper ekit_heading_elementskit-border-divider ekit-dotted\"><div class=\"elementskit-border-divider ekit-dotted\"><\/div><\/div>\t\t\t\t<div class='ekit-heading__description'>\n\t\t\t\t\t<p><span style=\"font-weight: 400\">Externaliser une partie de vos fonctions, vous permet d'\u00e9viter des investissements co\u00fbteux en temps et en argent pour embaucher et former du personnel, tout en r\u00e9duisant vos d\u00e9penses globales.<\/span><\/p>\n\t\t\t\t<\/div>\n\t\t\t<\/div><\/div>\t\t\t\t<\/div>\n\t\t\t\t<\/div>\n\t\t\t\t\t<\/div>\n\t\t\t\t<\/div>\n\t\t<div class=\"elementor-element elementor-element-8802771 e-con-full e-flex e-con e-child\" data-id=\"8802771\" data-element_type=\"container\">\n\t\t\t\t<div class=\"elementor-element elementor-element-d50c033 elementor-widget elementor-widget-image\" data-id=\"d50c033\" data-element_type=\"widget\" data-widget_type=\"image.default\">\n\t\t\t\t<div class=\"elementor-widget-container\">\n\t\t\t\t\t\t\t\t\t\t\t\t\t\t\t<img fetchpriority=\"high\" decoding=\"async\" width=\"768\" height=\"768\" src=\"https:\/\/french.cbaspk.com\/wp-content\/uploads\/2025\/05\/hiring-traniing-768x768.png\" class=\"attachment-medium_large size-medium_large wp-image-2680\" alt=\"\" srcset=\"https:\/\/french.cbaspk.com\/wp-content\/uploads\/2025\/05\/hiring-traniing-768x768.png 768w, https:\/\/french.cbaspk.com\/wp-content\/uploads\/2025\/05\/hiring-traniing-300x300.png 300w, https:\/\/french.cbaspk.com\/wp-content\/uploads\/2025\/05\/hiring-traniing-150x150.png 150w, https:\/\/french.cbaspk.com\/wp-content\/uploads\/2025\/05\/hiring-traniing-700x700.png 700w, https:\/\/french.cbaspk.com\/wp-content\/uploads\/2025\/05\/hiring-traniing-650x650.png 650w, https:\/\/french.cbaspk.com\/wp-content\/uploads\/2025\/05\/hiring-traniing.png 1024w\" sizes=\"(max-width: 768px) 100vw, 768px\" \/>\t\t\t\t\t\t\t\t\t\t\t\t\t\t\t<\/div>\n\t\t\t\t<\/div>\n\t\t\t\t<\/div>\n\t\t\t\t\t<\/div>\n\t\t\t\t<\/div>\n\t\t<div class=\"elementor-element elementor-element-463ac75 e-flex e-con-boxed e-con e-parent\" data-id=\"463ac75\" data-element_type=\"container\">\n\t\t\t\t\t<div class=\"e-con-inner\">\n\t\t<div class=\"elementor-element elementor-element-6306858 e-con-full e-flex e-con e-child\" data-id=\"6306858\" data-element_type=\"container\">\n\t\t\t\t<div class=\"elementor-element elementor-element-21c86c0 elementor-widget elementor-widget-image\" data-id=\"21c86c0\" data-element_type=\"widget\" data-widget_type=\"image.default\">\n\t\t\t\t<div class=\"elementor-widget-container\">\n\t\t\t\t\t\t\t\t\t\t\t\t\t\t\t<img decoding=\"async\" width=\"768\" height=\"512\" src=\"https:\/\/french.cbaspk.com\/wp-content\/uploads\/2025\/05\/constant-financial-clarity-768x512.png\" class=\"attachment-medium_large size-medium_large wp-image-2681\" alt=\"\" srcset=\"https:\/\/french.cbaspk.com\/wp-content\/uploads\/2025\/05\/constant-financial-clarity-768x512.png 768w, https:\/\/french.cbaspk.com\/wp-content\/uploads\/2025\/05\/constant-financial-clarity-300x200.png 300w, https:\/\/french.cbaspk.com\/wp-content\/uploads\/2025\/05\/constant-financial-clarity-1024x683.png 1024w, https:\/\/french.cbaspk.com\/wp-content\/uploads\/2025\/05\/constant-financial-clarity.png 1536w\" sizes=\"(max-width: 768px) 100vw, 768px\" \/>\t\t\t\t\t\t\t\t\t\t\t\t\t\t\t<\/div>\n\t\t\t\t<\/div>\n\t\t\t\t<\/div>\n\t\t<div class=\"elementor-element elementor-element-56fb453 e-flex e-con-boxed e-con e-child\" data-id=\"56fb453\" data-element_type=\"container\" data-settings=\"{&quot;background_background&quot;:&quot;classic&quot;,&quot;animation&quot;:&quot;none&quot;}\">\n\t\t\t\t\t<div class=\"e-con-inner\">\n\t\t\t\t<div class=\"elementor-element elementor-element-7bdb0b7 animated-slow elementor-invisible elementor-widget elementor-widget-elementskit-heading\" data-id=\"7bdb0b7\" data-element_type=\"widget\" data-settings=\"{&quot;_animation&quot;:&quot;fadeInRight&quot;}\" data-widget_type=\"elementskit-heading.default\">\n\t\t\t\t<div class=\"elementor-widget-container\">\n\t\t\t\t\t<div class=\"ekit-wid-con\" ><div class=\"ekit-heading elementskit-section-title-wraper text_left   ekit_heading_tablet-   ekit_heading_mobile-\"><h2 class=\"ekit-heading--title elementskit-section-title \">Clart\u00e9 financi\u00e8re constante<\/h2><div class=\"ekit_heading_separetor_wraper ekit_heading_elementskit-border-divider ekit-dotted\"><div class=\"elementskit-border-divider ekit-dotted\"><\/div><\/div>\t\t\t\t<div class='ekit-heading__description'>\n\t\t\t\t\t<p><span style=\"font-weight: 400\">Les clients d\u2019aujourd\u2019hui privil\u00e9gient des informations financi\u00e8res actualis\u00e9es. Nous vous aidons \u00e0 garder vos dossiers \u00e0 jour <\/span><span style=\"font-weight: 400\">pour que vous ayez toujours acc\u00e8s aux derni\u00e8res donn\u00e9es afin de prendre des d\u00e9cisions \u00e9clair\u00e9es.<\/span><\/p>\n\t\t\t\t<\/div>\n\t\t\t<\/div><\/div>\t\t\t\t<\/div>\n\t\t\t\t<\/div>\n\t\t\t\t\t<\/div>\n\t\t\t\t<\/div>\n\t\t\t\t\t<\/div>\n\t\t\t\t<\/div>\n\t\t<div class=\"elementor-element elementor-element-c01e0ed e-flex e-con-boxed e-con e-parent\" data-id=\"c01e0ed\" data-element_type=\"container\">\n\t\t\t\t\t<div class=\"e-con-inner\">\n\t\t<div class=\"elementor-element elementor-element-bb2b50e e-flex e-con-boxed e-con e-child\" data-id=\"bb2b50e\" data-element_type=\"container\" data-settings=\"{&quot;background_background&quot;:&quot;classic&quot;,&quot;animation&quot;:&quot;none&quot;}\">\n\t\t\t\t\t<div class=\"e-con-inner\">\n\t\t\t\t<div class=\"elementor-element elementor-element-02ccf8f animated-slow elementor-invisible elementor-widget elementor-widget-elementskit-heading\" data-id=\"02ccf8f\" data-element_type=\"widget\" data-settings=\"{&quot;_animation&quot;:&quot;fadeInLeft&quot;}\" data-widget_type=\"elementskit-heading.default\">\n\t\t\t\t<div class=\"elementor-widget-container\">\n\t\t\t\t\t<div class=\"ekit-wid-con\" ><div class=\"ekit-heading elementskit-section-title-wraper text_left   ekit_heading_tablet-   ekit_heading_mobile-\"><h2 class=\"ekit-heading--title elementskit-section-title \">Optimisez vos co\u00fbts, payez selon vos besoins<\/h2><div class=\"ekit_heading_separetor_wraper ekit_heading_elementskit-border-divider ekit-dotted\"><div class=\"elementskit-border-divider ekit-dotted\"><\/div><\/div>\t\t\t\t<div class='ekit-heading__description'>\n\t\t\t\t\t<p><span style=\"font-weight: 400\"><br \/><\/span><span style=\"font-weight: 400\">En optant pour l\u2019externalisation, vous b\u00e9n\u00e9ficiez d\u2019une flexibilit\u00e9 totale pour adapter votre \u00e9quipe \u00e0 l\u2019\u00e9volution de votre client\u00e8le, vous ne payez ainsi que pour les ressources dont vous avez v\u00e9ritablement besoin.<\/span><\/p>\n\t\t\t\t<\/div>\n\t\t\t<\/div><\/div>\t\t\t\t<\/div>\n\t\t\t\t<\/div>\n\t\t\t\t\t<\/div>\n\t\t\t\t<\/div>\n\t\t<div class=\"elementor-element elementor-element-8747d07 e-con-full e-flex e-con e-child\" data-id=\"8747d07\" data-element_type=\"container\">\n\t\t\t\t<div class=\"elementor-element elementor-element-4c75959 elementor-widget elementor-widget-image\" data-id=\"4c75959\" data-element_type=\"widget\" data-widget_type=\"image.default\">\n\t\t\t\t<div class=\"elementor-widget-container\">\n\t\t\t\t\t\t\t\t\t\t\t\t\t\t\t<img decoding=\"async\" width=\"768\" height=\"678\" src=\"https:\/\/french.cbaspk.com\/wp-content\/uploads\/2025\/05\/Scalibity-Flexibity-768x678.png\" class=\"attachment-medium_large size-medium_large wp-image-2679\" alt=\"\" srcset=\"https:\/\/french.cbaspk.com\/wp-content\/uploads\/2025\/05\/Scalibity-Flexibity-768x678.png 768w, https:\/\/french.cbaspk.com\/wp-content\/uploads\/2025\/05\/Scalibity-Flexibity-300x265.png 300w, https:\/\/french.cbaspk.com\/wp-content\/uploads\/2025\/05\/Scalibity-Flexibity.png 1024w\" sizes=\"(max-width: 768px) 100vw, 768px\" \/>\t\t\t\t\t\t\t\t\t\t\t\t\t\t\t<\/div>\n\t\t\t\t<\/div>\n\t\t\t\t<\/div>\n\t\t\t\t\t<\/div>\n\t\t\t\t<\/div>\n\t\t<div class=\"elementor-element elementor-element-9ed9d7a e-flex e-con-boxed e-con e-parent\" data-id=\"9ed9d7a\" data-element_type=\"container\">\n\t\t\t\t\t<div class=\"e-con-inner\">\n\t\t<div class=\"elementor-element elementor-element-eed0d1e e-con-full e-flex e-con e-child\" data-id=\"eed0d1e\" data-element_type=\"container\">\n\t\t\t\t<div class=\"elementor-element elementor-element-c6ce0f6 elementor-widget elementor-widget-image\" data-id=\"c6ce0f6\" data-element_type=\"widget\" data-widget_type=\"image.default\">\n\t\t\t\t<div class=\"elementor-widget-container\">\n\t\t\t\t\t\t\t\t\t\t\t\t\t\t\t<img loading=\"lazy\" decoding=\"async\" width=\"768\" height=\"768\" src=\"https:\/\/french.cbaspk.com\/wp-content\/uploads\/2025\/05\/improved-focus-on-core-services-768x768.png\" class=\"attachment-medium_large size-medium_large wp-image-2678\" alt=\"\" srcset=\"https:\/\/french.cbaspk.com\/wp-content\/uploads\/2025\/05\/improved-focus-on-core-services-768x768.png 768w, https:\/\/french.cbaspk.com\/wp-content\/uploads\/2025\/05\/improved-focus-on-core-services-300x300.png 300w, https:\/\/french.cbaspk.com\/wp-content\/uploads\/2025\/05\/improved-focus-on-core-services-150x150.png 150w, https:\/\/french.cbaspk.com\/wp-content\/uploads\/2025\/05\/improved-focus-on-core-services-700x700.png 700w, https:\/\/french.cbaspk.com\/wp-content\/uploads\/2025\/05\/improved-focus-on-core-services-650x650.png 650w, https:\/\/french.cbaspk.com\/wp-content\/uploads\/2025\/05\/improved-focus-on-core-services.png 1024w\" sizes=\"(max-width: 768px) 100vw, 768px\" \/>\t\t\t\t\t\t\t\t\t\t\t\t\t\t\t<\/div>\n\t\t\t\t<\/div>\n\t\t\t\t<\/div>\n\t\t<div class=\"elementor-element elementor-element-1a47aa2 e-flex e-con-boxed e-con e-child\" data-id=\"1a47aa2\" data-element_type=\"container\" data-settings=\"{&quot;background_background&quot;:&quot;classic&quot;,&quot;animation&quot;:&quot;none&quot;}\">\n\t\t\t\t\t<div class=\"e-con-inner\">\n\t\t\t\t<div class=\"elementor-element elementor-element-0c00be8 animated-slow elementor-invisible elementor-widget elementor-widget-elementskit-heading\" data-id=\"0c00be8\" data-element_type=\"widget\" data-settings=\"{&quot;_animation&quot;:&quot;fadeInRight&quot;}\" data-widget_type=\"elementskit-heading.default\">\n\t\t\t\t<div class=\"elementor-widget-container\">\n\t\t\t\t\t<div class=\"ekit-wid-con\" ><div class=\"ekit-heading elementskit-section-title-wraper text_left   ekit_heading_tablet-   ekit_heading_mobile-\"><h2 class=\"ekit-heading--title elementskit-section-title \">Mise en avant de vos services essentiels<\/h2><div class=\"ekit_heading_separetor_wraper ekit_heading_elementskit-border-divider ekit-dotted\"><div class=\"elementskit-border-divider ekit-dotted\"><\/div><\/div>\t\t\t\t<div class='ekit-heading__description'>\n\t\t\t\t\t<p><span style=\"font-weight: 400\">L\u2019externalisation permet de lib\u00e9rer du temps, vous offrant ainsi l\u2019opportunit\u00e9 de se concentrer sur des services sp\u00e9cialis\u00e9s, comme le conseil financier et strat\u00e9gique. Cela vous permet de fournir des services plus performants \u00e0 vos clients et de consacrer davantage de ressources \u00e0 la croissance de votre entreprise.<\/span><\/p>\n\t\t\t\t<\/div>\n\t\t\t<\/div><\/div>\t\t\t\t<\/div>\n\t\t\t\t<\/div>\n\t\t\t\t\t<\/div>\n\t\t\t\t<\/div>\n\t\t\t\t\t<\/div>\n\t\t\t\t<\/div>\n\t\t<div class=\"elementor-element elementor-element-02a6c30 animated-slow e-flex e-con-boxed elementor-invisible e-con e-parent\" data-id=\"02a6c30\" data-element_type=\"container\" data-settings=\"{&quot;animation&quot;:&quot;zoomIn&quot;}\">\n\t\t\t\t\t<div class=\"e-con-inner\">\n\t\t\t\t<div class=\"elementor-element elementor-element-ff4c879 elementor-widget elementor-widget-qi_addons_for_elementor_highlight\" data-id=\"ff4c879\" data-element_type=\"widget\" data-widget_type=\"qi_addons_for_elementor_highlight.default\">\n\t\t\t\t<div class=\"elementor-widget-container\">\n\t\t\t\t\t<h4 class=\"qodef-shortcode qodef-m qodef-qi-highlight qodef-qi--has-appear qodef-highlight-style--color\" >\n\tVous voulez une pr\u00e9sentation d\u00e9taill\u00e9e   <span class=\"qodef-highlight-text\" style=\"background-image: linear-gradient(to bottom, transparent 0%, #167D89 0%, #167D89 100%, transparent 100%)\"><a href=\"https:\/\/french.cbaspk.com\/index.php\/contact-cbas\/\" style=\"color:white\">Contactez-nous<\/a> <\/h4>\n\t\t\t\t<\/div>\n\t\t\t\t<\/div>\n\t\t\t\t<div class=\"elementor-element elementor-element-b2c55e9 elementor-widget elementor-widget-text-editor\" data-id=\"b2c55e9\" data-element_type=\"widget\" data-widget_type=\"text-editor.default\">\n\t\t\t\t<div class=\"elementor-widget-container\">\n\t\t\t\t\t\t\t\t\t<p>We&#8217;re here to answer your questions.<\/p>\t\t\t\t\t\t\t\t<\/div>\n\t\t\t\t<\/div>\n\t\t\t\t\t<\/div>\n\t\t\t\t<\/div>\n\t\t\t\t<\/div>\n\t\t","protected":false},"excerpt":{"rendered":"<p>Clart\u00e9 financi\u00e8re constante, R\u00e9duction des co\u00fbts, Gain de temps Des dossiers toujours \u00e0 jour. Pour des d\u00e9cisions \u00e9clair\u00e9es, en tout [&hellip;]<\/p>\n","protected":false},"author":1,"featured_media":0,"parent":0,"menu_order":0,"comment_status":"closed","ping_status":"closed","template":"","meta":{"site-sidebar-layout":"no-sidebar","site-content-layout":"","ast-site-content-layout":"full-width-container","site-content-style":"default","site-sidebar-style":"default","ast-global-header-display":"","ast-banner-title-visibility":"","ast-main-header-display":"","ast-hfb-above-header-display":"","ast-hfb-below-header-display":"","ast-hfb-mobile-header-display":"","site-post-title":"disabled","ast-breadcrumbs-content":"","ast-featured-img":"disabled","footer-sml-layout":"","theme-transparent-header-meta":"","adv-header-id-meta":"","stick-header-meta":"","header-above-stick-meta":"","header-main-stick-meta":"","header-below-stick-meta":"","astra-migrate-meta-layouts":"default","ast-page-background-enabled":"default","ast-page-background-meta":{"desktop":{"background-color":"var(--ast-global-color-4)","background-image":"","background-repeat":"repeat","background-position":"center center","background-size":"auto","background-attachment":"scroll","background-type":"","background-media":"","overlay-type":"","overlay-color":"","overlay-opacity":"","overlay-gradient":""},"tablet":{"background-color":"","background-image":"","background-repeat":"repeat","background-position":"center center","background-size":"auto","background-attachment":"scroll","background-type":"","background-media":"","overlay-type":"","overlay-color":"","overlay-opacity":"","overlay-gradient":""},"mobile":{"background-color":"","background-image":"","background-repeat":"repeat","background-position":"center center","background-size":"auto","background-attachment":"scroll","background-type":"","background-media":"","overlay-type":"","overlay-color":"","overlay-opacity":"","overlay-gradient":""}},"ast-content-background-meta":{"desktop":{"background-color":"var(--ast-global-color-5)","background-image":"","background-repeat":"repeat","background-position":"center center","background-size":"auto","background-attachment":"scroll","background-type":"","background-media":"","overlay-type":"","overlay-color":"","overlay-opacity":"","overlay-gradient":""},"tablet":{"background-color":"var(--ast-global-color-5)","background-image":"","background-repeat":"repeat","background-position":"center center","background-size":"auto","background-attachment":"scroll","background-type":"","background-media":"","overlay-type":"","overlay-color":"","overlay-opacity":"","overlay-gradient":""},"mobile":{"background-color":"var(--ast-global-color-5)","background-image":"","background-repeat":"repeat","background-position":"center center","background-size":"auto","background-attachment":"scroll","background-type":"","background-media":"","overlay-type":"","overlay-color":"","overlay-opacity":"","overlay-gradient":""}},"_themeisle_gutenberg_block_has_review":false,"footnotes":""},"class_list":["post-465","page","type-page","status-publish","hentry"],"_links":{"self":[{"href":"https:\/\/french.cbaspk.com\/index.php\/wp-json\/wp\/v2\/pages\/465","targetHints":{"allow":["GET"]}}],"collection":[{"href":"https:\/\/french.cbaspk.com\/index.php\/wp-json\/wp\/v2\/pages"}],"about":[{"href":"https:\/\/french.cbaspk.com\/index.php\/wp-json\/wp\/v2\/types\/page"}],"author":[{"embeddable":true,"href":"https:\/\/french.cbaspk.com\/index.php\/wp-json\/wp\/v2\/users\/1"}],"replies":[{"embeddable":true,"href":"https:\/\/french.cbaspk.com\/index.php\/wp-json\/wp\/v2\/comments?post=465"}],"version-history":[{"count":154,"href":"https:\/\/french.cbaspk.com\/index.php\/wp-json\/wp\/v2\/pages\/465\/revisions"}],"predecessor-version":[{"id":2685,"href":"https:\/\/french.cbaspk.com\/index.php\/wp-json\/wp\/v2\/pages\/465\/revisions\/2685"}],"wp:attachment":[{"href":"https:\/\/french.cbaspk.com\/index.php\/wp-json\/wp\/v2\/media?parent=465"}],"curies":[{"name":"wp","href":"https:\/\/api.w.org\/{rel}","templated":true}]}}